{"id":4740,"date":"2024-10-15T08:48:04","date_gmt":"2024-10-15T08:48:04","guid":{"rendered":"https:\/\/thefrenchbeautycollective.com\/terms-of-use\/"},"modified":"2024-10-15T08:59:30","modified_gmt":"2024-10-15T08:59:30","slug":"terms-of-use","status":"publish","type":"page","link":"https:\/\/thefrenchbeautycollective.com\/en\/terms-of-use\/","title":{"rendered":"Terms of use"},"content":{"rendered":"<p>[et_pb_section fb_built=&#8221;1&#8243; theme_builder_area=&#8221;post_content&#8221; _builder_version=&#8221;4.27.2&#8243; _module_preset=&#8221;default&#8221; background_color=&#8221;#F1F5F6&#8243; hover_enabled=&#8221;0&#8243; sticky_enabled=&#8221;0&#8243;][et_pb_row _builder_version=&#8221;4.27.2&#8243; _module_preset=&#8221;default&#8221; theme_builder_area=&#8221;post_content&#8221;][et_pb_column _builder_version=&#8221;4.27.2&#8243; _module_preset=&#8221;default&#8221; type=&#8221;4_4&#8243; theme_builder_area=&#8221;post_content&#8221;][et_pb_text _builder_version=&#8221;4.27.2&#8243; _module_preset=&#8221;default&#8221; theme_builder_area=&#8221;post_content&#8221; hover_enabled=&#8221;0&#8243; sticky_enabled=&#8221;0&#8243; custom_margin=&#8221;5em||||false|false&#8221; custom_margin_last_edited=&#8221;on|phone&#8221; custom_margin_tablet=&#8221;2em||||false|false&#8221; custom_margin_phone=&#8221;2em||||false|false&#8221;]<\/p>\n<h1>Legal information :<\/h1>\n<p>&nbsp;<\/p>\n<h2 class=\"has-text-align-left\">Owner, Creator &amp; Publishing Director :<\/h2>\n<p>4CX, represented for the purposes hereof by<\/p>\n<ul>\n<li>Fran\u00e7oise Audebert &#8211; 11 rue worth 92150 Suresnes<\/li>\n<li>Philippe Coudi\u00e8re &#8211; 42 rue Berthelot 69600 Oullins Pierre B\u00e9nite<\/li>\n<li>Bertrand Sohm &#8211; 61 rue du stade 69620 Ternand<\/li>\n<li>Philippe Msika 32 rue de la paroisse 78000 Versailles,<\/li>\n<\/ul>\n<p class=\"has-text-align-left\"><a href=\"mailto:contact4CX@thefrenchbeautycollective.com\" target=\"_blank\" rel=\"noopener\" title=\"contact 4CX\"><span>contact4CX@thefrenchbeautycollective.com<\/span><\/a><\/p>\n<h2 class=\"has-text-align-left\"><\/h2>\n<h2 class=\"has-text-align-left\">Creator :<\/h2>\n<p class=\"has-text-align-left\">H\u00e9l\u00e8ne Talbot<br \/><a href=\"mailto:me@helenetalbot.fr\">me@helenetalbot.fr<\/a><br \/><a href=\"https:\/\/www.helenetalbot.fr\/\" target=\"_blank\" rel=\"noopener\" title=\"Helene Talbot - graphic designer\">https:\/\/www.helenetalbot.fr\/<\/a><\/p>\n<h2 class=\"has-text-align-left\">Hosted by :<\/h2>\n<p><strong>HOSTINGER<\/strong> INTERNATIONAL LTD &#8211;<strong>www.hostinger.fr.<\/strong><br \/><strong>Head<\/strong> office: 61 Lordou Vironos Street, 6023 Larnaca, Cyprus.<br \/><a href=\"https:\/\/www.hostinger.fr\/\">https:\/\/www.hostinger.fr\/<\/a><\/p>\n<p>&nbsp;<\/p>\n<h2 dir=\"auto\" class=\"body\"><strong>Intellectual property rights :<\/strong><\/h2>\n<p dir=\"auto\" class=\"body\">This website is the exclusive property of 4CX. The design, graphics, content and organization of this site are the sole property of 4CX. Any reproduction, or demarcation, total or partial, made without the consent of the author, or his assignees, is illicit. The same applies to translation, adaptation or arrangement by any process whatsoever (Law 57298 art.41 of March 11, 1957 and Intellectual Property Code of July 1, 1992).   <\/p>\n<p dir=\"auto\" class=\"body\"><strong>Hyperlinks to third-party sites :<\/strong><\/p>\n<p dir=\"auto\" class=\"body\">4CX has no control over the content of third-party sites. The existence of a hypertext link between this site and a third party in no way implies control of the content of the third party site by 4CX and does not engage the responsibility of 4CX. <\/p>\n<p dir=\"auto\" class=\"body\"><strong>Liability waiver :<\/strong><\/p>\n<p dir=\"auto\" class=\"body\">Users of this site are responsible for taking all appropriate measures to protect their own data and\/or software from contamination by any viruses circulating on the Internet.<\/p>\n<p dir=\"auto\" class=\"body\"><strong>Reservation rights :<\/strong><\/p>\n<p dir=\"auto\" class=\"body\">We reserve the right to request the removal of any link to our website. We also reserve the right to modify the content of this site, this legal notice and our linking policy at any time, without prior notice. <\/p>\n<p>[\/et_pb_text][\/et_pb_column][\/et_pb_row][\/et_pb_section]<\/p>\n","protected":false},"excerpt":{"rendered":"<p>Legal information : &nbsp; Owner, Creator &amp; Publishing Director : 4CX, represented for the purposes hereof by Fran\u00e7oise Audebert &#8211; 11 rue worth 92150 Suresnes Philippe Coudi\u00e8re &#8211; 42 rue Berthelot 69600 Oullins Pierre B\u00e9nite Bertrand Sohm &#8211; 61 rue du stade 69620 Ternand Philippe Msika 32 rue de la paroisse 78000 Versailles, contact4CX@thefrenchbeautycollective.com Creator [&hellip;]<\/p>\n","protected":false},"author":2,"featured_media":0,"parent":0,"menu_order":0,"comment_status":"closed","ping_status":"closed","template":"","meta":{"_et_pb_use_builder":"on","_et_pb_old_content":"","_et_gb_content_width":"","footnotes":""},"dipi_cpt_category":[],"class_list":["post-4740","page","type-page","status-publish","hentry"],"yoast_head":"<!-- This site is optimized with the Yoast SEO plugin v23.6 - https:\/\/yoast.com\/wordpress\/plugins\/seo\/ -->\n<title>Terms of use - thefrenchbeautycollective.com<\/title>\n<meta name=\"robots\" content=\"index, follow, max-snippet:-1, max-image-preview:large, max-video-preview:-1\" \/>\n<link rel=\"canonical\" href=\"https:\/\/thefrenchbeautycollective.com\/en\/terms-of-use\/\" \/>\n<meta property=\"og:locale\" content=\"en_US\" \/>\n<meta property=\"og:type\" content=\"article\" \/>\n<meta property=\"og:title\" content=\"Terms of use - thefrenchbeautycollective.com\" \/>\n<meta property=\"og:description\" content=\"Legal information : &nbsp; Owner, Creator &amp; Publishing Director : 4CX, represented for the purposes hereof by Fran\u00e7oise Audebert - 11 rue worth 92150 Suresnes Philippe Coudi\u00e8re - 42 rue Berthelot 69600 Oullins Pierre B\u00e9nite Bertrand Sohm - 61 rue du stade 69620 Ternand Philippe Msika 32 rue de la paroisse 78000 Versailles, contact4CX@thefrenchbeautycollective.com Creator [&hellip;]\" \/>\n<meta property=\"og:url\" content=\"https:\/\/thefrenchbeautycollective.com\/en\/terms-of-use\/\" \/>\n<meta property=\"og:site_name\" content=\"thefrenchbeautycollective.com\" \/>\n<meta property=\"article:modified_time\" content=\"2024-10-15T08:59:30+00:00\" \/>\n<meta property=\"og:image\" content=\"https:\/\/thefrenchbeautycollective.com\/wp-content\/uploads\/ImageSite-4CX.jpg\" \/>\n\t<meta property=\"og:image:width\" content=\"1200\" \/>\n\t<meta property=\"og:image:height\" content=\"675\" \/>\n\t<meta property=\"og:image:type\" content=\"image\/jpeg\" \/>\n<meta name=\"twitter:card\" content=\"summary_large_image\" \/>\n<meta name=\"twitter:label1\" content=\"Est. reading time\" \/>\n\t<meta name=\"twitter:data1\" content=\"2 minutes\" \/>\n<script type=\"application\/ld+json\" class=\"yoast-schema-graph\">{\"@context\":\"https:\/\/schema.org\",\"@graph\":[{\"@type\":\"WebPage\",\"@id\":\"https:\/\/thefrenchbeautycollective.com\/en\/terms-of-use\/\",\"url\":\"https:\/\/thefrenchbeautycollective.com\/en\/terms-of-use\/\",\"name\":\"Terms of use - thefrenchbeautycollective.com\",\"isPartOf\":{\"@id\":\"https:\/\/thefrenchbeautycollective.com\/en\/#website\"},\"datePublished\":\"2024-10-15T08:48:04+00:00\",\"dateModified\":\"2024-10-15T08:59:30+00:00\",\"breadcrumb\":{\"@id\":\"https:\/\/thefrenchbeautycollective.com\/en\/terms-of-use\/#breadcrumb\"},\"inLanguage\":\"en-US\",\"potentialAction\":[{\"@type\":\"ReadAction\",\"target\":[\"https:\/\/thefrenchbeautycollective.com\/en\/terms-of-use\/\"]}]},{\"@type\":\"BreadcrumbList\",\"@id\":\"https:\/\/thefrenchbeautycollective.com\/en\/terms-of-use\/#breadcrumb\",\"itemListElement\":[{\"@type\":\"ListItem\",\"position\":1,\"name\":\"Accueil\",\"item\":\"https:\/\/thefrenchbeautycollective.com\/en\/\"},{\"@type\":\"ListItem\",\"position\":2,\"name\":\"Terms of use\"}]},{\"@type\":\"WebSite\",\"@id\":\"https:\/\/thefrenchbeautycollective.com\/en\/#website\",\"url\":\"https:\/\/thefrenchbeautycollective.com\/en\/\",\"name\":\"4CX - the french beauty collective\",\"description\":\"\",\"publisher\":{\"@id\":\"https:\/\/thefrenchbeautycollective.com\/en\/#organization\"},\"potentialAction\":[{\"@type\":\"SearchAction\",\"target\":{\"@type\":\"EntryPoint\",\"urlTemplate\":\"https:\/\/thefrenchbeautycollective.com\/en\/?s={search_term_string}\"},\"query-input\":{\"@type\":\"PropertyValueSpecification\",\"valueRequired\":true,\"valueName\":\"search_term_string\"}}],\"inLanguage\":\"en-US\"},{\"@type\":\"Organization\",\"@id\":\"https:\/\/thefrenchbeautycollective.com\/en\/#organization\",\"name\":\"4CX\",\"url\":\"https:\/\/thefrenchbeautycollective.com\/en\/\",\"logo\":{\"@type\":\"ImageObject\",\"inLanguage\":\"en-US\",\"@id\":\"https:\/\/thefrenchbeautycollective.com\/en\/#\/schema\/logo\/image\/\",\"url\":\"https:\/\/thefrenchbeautycollective.com\/wp-content\/uploads\/LogoTagline-4CX-FondBlanc.svg\",\"contentUrl\":\"https:\/\/thefrenchbeautycollective.com\/wp-content\/uploads\/LogoTagline-4CX-FondBlanc.svg\",\"width\":1,\"height\":1,\"caption\":\"4CX\"},\"image\":{\"@id\":\"https:\/\/thefrenchbeautycollective.com\/en\/#\/schema\/logo\/image\/\"}}]}<\/script>\n<!-- \/ Yoast SEO plugin. -->","yoast_head_json":{"title":"Terms of use - thefrenchbeautycollective.com","robots":{"index":"index","follow":"follow","max-snippet":"max-snippet:-1","max-image-preview":"max-image-preview:large","max-video-preview":"max-video-preview:-1"},"canonical":"https:\/\/thefrenchbeautycollective.com\/en\/terms-of-use\/","og_locale":"en_US","og_type":"article","og_title":"Terms of use - thefrenchbeautycollective.com","og_description":"Legal information : &nbsp; Owner, Creator &amp; Publishing Director : 4CX, represented for the purposes hereof by Fran\u00e7oise Audebert - 11 rue worth 92150 Suresnes Philippe Coudi\u00e8re - 42 rue Berthelot 69600 Oullins Pierre B\u00e9nite Bertrand Sohm - 61 rue du stade 69620 Ternand Philippe Msika 32 rue de la paroisse 78000 Versailles, contact4CX@thefrenchbeautycollective.com Creator [&hellip;]","og_url":"https:\/\/thefrenchbeautycollective.com\/en\/terms-of-use\/","og_site_name":"thefrenchbeautycollective.com","article_modified_time":"2024-10-15T08:59:30+00:00","og_image":[{"width":1200,"height":675,"url":"https:\/\/thefrenchbeautycollective.com\/wp-content\/uploads\/ImageSite-4CX.jpg","type":"image\/jpeg"}],"twitter_card":"summary_large_image","twitter_misc":{"Est. reading time":"2 minutes"},"schema":{"@context":"https:\/\/schema.org","@graph":[{"@type":"WebPage","@id":"https:\/\/thefrenchbeautycollective.com\/en\/terms-of-use\/","url":"https:\/\/thefrenchbeautycollective.com\/en\/terms-of-use\/","name":"Terms of use - thefrenchbeautycollective.com","isPartOf":{"@id":"https:\/\/thefrenchbeautycollective.com\/en\/#website"},"datePublished":"2024-10-15T08:48:04+00:00","dateModified":"2024-10-15T08:59:30+00:00","breadcrumb":{"@id":"https:\/\/thefrenchbeautycollective.com\/en\/terms-of-use\/#breadcrumb"},"inLanguage":"en-US","potentialAction":[{"@type":"ReadAction","target":["https:\/\/thefrenchbeautycollective.com\/en\/terms-of-use\/"]}]},{"@type":"BreadcrumbList","@id":"https:\/\/thefrenchbeautycollective.com\/en\/terms-of-use\/#breadcrumb","itemListElement":[{"@type":"ListItem","position":1,"name":"Accueil","item":"https:\/\/thefrenchbeautycollective.com\/en\/"},{"@type":"ListItem","position":2,"name":"Terms of use"}]},{"@type":"WebSite","@id":"https:\/\/thefrenchbeautycollective.com\/en\/#website","url":"https:\/\/thefrenchbeautycollective.com\/en\/","name":"4CX - the french beauty collective","description":"","publisher":{"@id":"https:\/\/thefrenchbeautycollective.com\/en\/#organization"},"potentialAction":[{"@type":"SearchAction","target":{"@type":"EntryPoint","urlTemplate":"https:\/\/thefrenchbeautycollective.com\/en\/?s={search_term_string}"},"query-input":{"@type":"PropertyValueSpecification","valueRequired":true,"valueName":"search_term_string"}}],"inLanguage":"en-US"},{"@type":"Organization","@id":"https:\/\/thefrenchbeautycollective.com\/en\/#organization","name":"4CX","url":"https:\/\/thefrenchbeautycollective.com\/en\/","logo":{"@type":"ImageObject","inLanguage":"en-US","@id":"https:\/\/thefrenchbeautycollective.com\/en\/#\/schema\/logo\/image\/","url":"https:\/\/thefrenchbeautycollective.com\/wp-content\/uploads\/LogoTagline-4CX-FondBlanc.svg","contentUrl":"https:\/\/thefrenchbeautycollective.com\/wp-content\/uploads\/LogoTagline-4CX-FondBlanc.svg","width":1,"height":1,"caption":"4CX"},"image":{"@id":"https:\/\/thefrenchbeautycollective.com\/en\/#\/schema\/logo\/image\/"}}]}},"_links":{"self":[{"href":"https:\/\/thefrenchbeautycollective.com\/en\/wp-json\/wp\/v2\/pages\/4740"}],"collection":[{"href":"https:\/\/thefrenchbeautycollective.com\/en\/wp-json\/wp\/v2\/pages"}],"about":[{"href":"https:\/\/thefrenchbeautycollective.com\/en\/wp-json\/wp\/v2\/types\/page"}],"author":[{"embeddable":true,"href":"https:\/\/thefrenchbeautycollective.com\/en\/wp-json\/wp\/v2\/users\/2"}],"replies":[{"embeddable":true,"href":"https:\/\/thefrenchbeautycollective.com\/en\/wp-json\/wp\/v2\/comments?post=4740"}],"version-history":[{"count":4,"href":"https:\/\/thefrenchbeautycollective.com\/en\/wp-json\/wp\/v2\/pages\/4740\/revisions"}],"predecessor-version":[{"id":4746,"href":"https:\/\/thefrenchbeautycollective.com\/en\/wp-json\/wp\/v2\/pages\/4740\/revisions\/4746"}],"wp:attachment":[{"href":"https:\/\/thefrenchbeautycollective.com\/en\/wp-json\/wp\/v2\/media?parent=4740"}],"wp:term":[{"taxonomy":"dipi_cpt_category","embeddable":true,"href":"https:\/\/thefrenchbeautycollective.com\/en\/wp-json\/wp\/v2\/dipi_cpt_category?post=4740"}],"curies":[{"name":"wp","href":"https:\/\/api.w.org\/{rel}","templated":true}]}}